{"id":2120,"date":"2019-03-21T15:19:46","date_gmt":"2019-03-21T14:19:46","guid":{"rendered":"https:\/\/www.hotel-lafiguiere.com\/mentions-legales\/"},"modified":"2025-09-08T16:19:15","modified_gmt":"2025-09-08T14:19:15","slug":"legal-notices","status":"publish","type":"page","link":"https:\/\/www.hotel-lafiguiere.com\/en\/legal-notices\/","title":{"rendered":"Legal notices"},"content":{"rendered":"<div class=\"wpb-content-wrapper\"><p>[vc_row content_placement=&#8221;top&#8221;][vc_column]<div id=\"ultimate-heading-271269f2b4a235785\" class=\"uvc-heading ult-adjust-bottom-margin ultimate-heading-271269f2b4a235785 uvc-7970 \" data-hspacer=\"no_spacer\"  data-halign=\"left\" style=\"text-align:left\"><div class=\"uvc-heading-spacer no_spacer\" style=\"top\"><\/div><div class=\"uvc-main-heading ult-responsive\"  data-ultimate-target='.uvc-heading.ultimate-heading-271269f2b4a235785 h2'  data-responsive-json-new='{\"font-size\":\"desktop:30px;\",\"line-height\":\"desktop:36px;\"}' ><h2 style=\"font-family:&#039;Ubuntu&#039;;font-style:italic;font-weight:300;color:#6c7a6b;margin-bottom:20px;\">Legal notices and personal data<\/h2><\/div><\/div>[\/vc_column][\/vc_row][vc_row content_placement=&#8221;middle&#8221;][vc_column offset=&#8221;vc_col-lg-12 vc_col-md-12 vc_col-xs-12&#8243;][vc_column_text css=&#8221;.vc_custom_1654787650730{margin-bottom: 20px !important;}&#8221;]<\/p>\n<h2 style=\"font-size: 26px; line-height: 32px;\">Site publisher<\/h2>\n<p>[\/vc_column_text][vc_column_text]H\u00f4tel La Figui\u00e8re &#8211; Mme C\u00e9cile Chaix &#8211; contact@hotel-lafiguiere.com[\/vc_column_text][\/vc_column][\/vc_row][vc_row content_placement=&#8221;middle&#8221;][vc_column offset=&#8221;vc_col-lg-12 vc_col-md-12 vc_col-xs-12&#8243;][vc_column_text css=&#8221;.vc_custom_1654787658566{margin-bottom: 20px !important;}&#8221;]<\/p>\n<h2 style=\"font-size: 26px; line-height: 32px;\">Hosting<\/h2>\n<p>[\/vc_column_text][vc_column_text]OVH &#8211; 140, Quai du Sartel &#8211; 59100 &#8211; Roubaix &#8211; FRANCE &#8211; www.ovh.com[\/vc_column_text][\/vc_column][\/vc_row][vc_row content_placement=&#8221;middle&#8221;][vc_column offset=&#8221;vc_col-lg-12 vc_col-md-12 vc_col-xs-12&#8243;][vc_column_text css=&#8221;.vc_custom_1654787666951{margin-bottom: 20px !important;}&#8221;]<\/p>\n<h2 style=\"font-size: 26px; line-height: 32px;\">Design<\/h2>\n<p>[\/vc_column_text][vc_column_text]Agence FIRSTCOM &#8211; 66 Rue Montgrand 13006 Marseille &#8211; <a href=\"https:\/\/www.firstcom.fr\" target=\"_blank\" rel=\"noopener noreferrer\">www.firstcom.fr<\/a>[\/vc_column_text][\/vc_column][\/vc_row][vc_row content_placement=&#8221;middle&#8221;][vc_column offset=&#8221;vc_col-lg-12 vc_col-md-12 vc_col-xs-12&#8243;][vc_column_text css=&#8221;.vc_custom_1654787674603{margin-bottom: 20px !important;}&#8221;]<\/p>\n<h2 style=\"font-size: 26px; line-height: 32px;\">Intellectual property<\/h2>\n<p>[\/vc_column_text][vc_column_text]All text, logos, photos and images are protected under intellectual property laws and conventions. Any reproduction (even partial) is strictly prohibited without our prior consent.[\/vc_column_text][\/vc_column][\/vc_row][vc_row content_placement=&#8221;middle&#8221;][vc_column offset=&#8221;vc_col-lg-12 vc_col-md-12 vc_col-xs-12&#8243;][vc_column_text css=&#8221;.vc_custom_1654787681755{margin-bottom: 20px !important;}&#8221;]<\/p>\n<h2 style=\"font-size: 26px; line-height: 32px;\">Personal data protection<\/h2>\n<p>[\/vc_column_text][vc_column_text]The personal data collected is intended for internal use. Under no circumstances will this data be transferred or sold to third parties. By virtue of Article 27 of the French Data Protection Act of 6 January 1978 as amended, you have the right to access, correct, modify and delete your personal data. You can exercise this right by sending an e-mail to: contact@hotel-lafiguiere.com[\/vc_column_text][\/vc_column][\/vc_row][vc_row content_placement=&#8221;middle&#8221;][vc_column offset=&#8221;vc_col-lg-12 vc_col-md-12 vc_col-xs-12&#8243;][vc_column_text css=&#8221;.vc_custom_1654787689841{margin-bottom: 20px !important;}&#8221;]<\/p>\n<h2 style=\"font-size: 26px; line-height: 32px;\">Internet links<\/h2>\n<p>[\/vc_column_text][vc_column_text]Links to other websites (external links) are provided for information purposes only and are not under our control; we cannot be held liable for any content published on these websites. The use of links directing to the website www.hotel-lafiguiere.com is strictly forbidden without our consent.[\/vc_column_text][\/vc_column][\/vc_row][vc_row content_placement=&#8221;middle&#8221;][vc_column offset=&#8221;vc_col-lg-12 vc_col-md-12 vc_col-xs-12&#8243;][vc_column_text css=&#8221;.vc_custom_1654787697926{margin-bottom: 20px !important;}&#8221;]<\/p>\n<h2 style=\"font-size: 26px; line-height: 32px;\">Applicable law<\/h2>\n<p>[\/vc_column_text][vc_column_text]The website www.hotel-lafiguiere.com is subject to French legislation.[\/vc_column_text][\/vc_column][\/vc_row][vc_row content_placement=&#8221;middle&#8221;][vc_column offset=&#8221;vc_col-lg-12 vc_col-md-12 vc_col-xs-12&#8243;][vc_column_text css=&#8221;.vc_custom_1757341014831{margin-bottom: 20px !important;}&#8221;]<\/p>\n<h2 style=\"font-size: 26px; line-height: 32px;\">Opposition to telemarketing (Bloctel system)<\/h2>\n<p>[\/vc_column_text][vc_column_text css=&#8221;&#8221;]In accordance with Article L.223-2 of the Consumer Code, any consumer who has provided their telephone number to a professional has the option of registering free of charge on the <a href=\"https:\/\/www.bloctel.gouv.fr\">Bloctel<\/a> telemarketing opposition list.[\/vc_column_text][\/vc_column][\/vc_row][vc_row content_placement=&#8221;middle&#8221;][vc_column offset=&#8221;vc_col-lg-12 vc_col-md-12 vc_col-xs-12&#8243;][vc_column_text css=&#8221;.vc_custom_1757341066598{margin-bottom: 20px !important;}&#8221;]<\/p>\n<h2 style=\"font-size: 26px; line-height: 32px;\">Information about yield management<\/h2>\n<p>[\/vc_column_text][vc_column_text css=&#8221;&#8221;]La Figui\u00e8re applies a dynamic pricing policy (yield management). Room prices may vary depending on the period, demand, occupancy, distribution channels, and the commercial policy in force. The rate confirmed at the time of booking is the rate guaranteed to the customer.[\/vc_column_text][\/vc_column][\/vc_row][vc_row content_placement=&#8221;middle&#8221;][vc_column offset=&#8221;vc_col-lg-12 vc_col-md-12 vc_col-xs-12&#8243;][vc_column_text css=&#8221;.vc_custom_1757341103406{margin-bottom: 20px !important;}&#8221;]<\/p>\n<h2 style=\"font-size: 26px; line-height: 32px;\">Protection of personal data<\/h2>\n<p>[\/vc_column_text][vc_column_text css=&#8221;&#8221;]In accordance with the provisions of Article 34 of Law No. 78-17 of January 6, 1978 relating to data processing, files, and freedoms, as well as the General Data Protection Regulation (GDPR \u2013 EU Regulation 2016\/679), you have the right to access, modify, rectify, and delete your personal data.<\/p>\n<p>This data is collected via our website solely for the purpose of managing contact requests, reservations, or subscriptions to communications. It is not transferred or sold to third parties under any circumstances.<\/p>\n<p>To exercise your rights, you can send us your request via the <a href=\"https:\/\/www.hotel-lafiguiere.com\/en\/contact-and-location\/\">Contact Us<\/a> form on the website or by email to the following address: <strong>contact@hotel-lafiguiere.com<\/strong>.[\/vc_column_text][\/vc_column][\/vc_row]<\/p>\n<\/div>","protected":false},"excerpt":{"rendered":"<p>[vc_row content_placement=&#8221;top&#8221;][vc_column][\/vc_column][\/vc_row][vc_row content_placement=&#8221;middle&#8221;][vc_column offset=&#8221;vc_col-lg-12 vc_col-md-12 vc_col-xs-12&#8243;][vc_column_text css=&#8221;.vc_custom_1654787650730{margin-bottom: 20px !important;}&#8221;] Site publisher [\/vc_column_text][vc_column_text]H\u00f4tel La Figui\u00e8re &#8211; Mme C\u00e9cile Chaix &#8211; contact@hotel-lafiguiere.com[\/vc_column_text][\/vc_column][\/vc_row][vc_row content_placement=&#8221;middle&#8221;][vc_column offset=&#8221;vc_col-lg-12 vc_col-md-12 vc_col-xs-12&#8243;][vc_column_text css=&#8221;.vc_custom_1654787658566{margin-bottom: 20px !important;}&#8221;] Hosting [\/vc_column_text][vc_column_text]OVH &#8211; 140, Quai du Sartel &#8211; 59100 &#8211; Roubaix &#8211; FRANCE &#8211; www.ovh.com[\/vc_column_text][\/vc_column][\/vc_row][vc_row content_placement=&#8221;middle&#8221;][vc_column offset=&#8221;vc_col-lg-12 vc_col-md-12 vc_col-xs-12&#8243;][vc_column_text css=&#8221;.vc_custom_1654787666951{margin-bottom: 20px !important;}&#8221;] Design [\/vc_column_text][vc_column_text]Agence FIRSTCOM &#8211; 66 Rue&hellip;<\/p>\n","protected":false},"author":1,"featured_media":0,"parent":0,"menu_order":14,"comment_status":"closed","ping_status":"closed","template":"","meta":{"footnotes":""},"class_list":["post-2120","page","type-page","status-publish","hentry","description-off"],"yoast_head":"<!-- This site is optimized with the Yoast SEO plugin v27.3 - https:\/\/yoast.com\/product\/yoast-seo-wordpress\/ -->\n<title>Legal notices - H\u00f4tel Restaurant La Figui\u00e8re<\/title>\n<meta name=\"description\" content=\"Legales notices and personal data : hosting, design, intellectual property, personal data protection, internet links ...\" \/>\n<meta name=\"robots\" content=\"index, follow, max-snippet:-1, max-image-preview:large, max-video-preview:-1\" \/>\n<link rel=\"canonical\" href=\"https:\/\/www.hotel-lafiguiere.com\/en\/legal-notices\/\" \/>\n<meta property=\"og:locale\" content=\"en_US\" \/>\n<meta property=\"og:type\" content=\"article\" \/>\n<meta property=\"og:title\" content=\"Legal notices - H\u00f4tel Restaurant La Figui\u00e8re\" \/>\n<meta property=\"og:description\" content=\"Legales notices and personal data : hosting, design, intellectual property, personal data protection, internet links ...\" \/>\n<meta property=\"og:url\" content=\"https:\/\/www.hotel-lafiguiere.com\/en\/legal-notices\/\" \/>\n<meta property=\"og:site_name\" content=\"H\u00f4tel Restaurant La Figui\u00e8re\" \/>\n<meta property=\"article:modified_time\" content=\"2025-09-08T14:19:15+00:00\" \/>\n<meta name=\"twitter:card\" content=\"summary_large_image\" \/>\n<meta name=\"twitter:label1\" content=\"Est. reading time\" \/>\n\t<meta name=\"twitter:data1\" content=\"3 minutes\" \/>\n<!-- \/ Yoast SEO plugin. -->","yoast_head_json":{"title":"Legal notices - H\u00f4tel Restaurant La Figui\u00e8re","description":"Legales notices and personal data : hosting, design, intellectual property, personal data protection, internet links ...","robots":{"index":"index","follow":"follow","max-snippet":"max-snippet:-1","max-image-preview":"max-image-preview:large","max-video-preview":"max-video-preview:-1"},"canonical":"https:\/\/www.hotel-lafiguiere.com\/en\/legal-notices\/","og_locale":"en_US","og_type":"article","og_title":"Legal notices - H\u00f4tel Restaurant La Figui\u00e8re","og_description":"Legales notices and personal data : hosting, design, intellectual property, personal data protection, internet links ...","og_url":"https:\/\/www.hotel-lafiguiere.com\/en\/legal-notices\/","og_site_name":"H\u00f4tel Restaurant La Figui\u00e8re","article_modified_time":"2025-09-08T14:19:15+00:00","twitter_card":"summary_large_image","twitter_misc":{"Est. reading time":"3 minutes"},"schema":{"@context":"https:\/\/schema.org","@graph":[{"@type":"WebPage","@id":"https:\/\/www.hotel-lafiguiere.com\/en\/legal-notices\/","url":"https:\/\/www.hotel-lafiguiere.com\/en\/legal-notices\/","name":"Legal notices - H\u00f4tel Restaurant La Figui\u00e8re","isPartOf":{"@id":"https:\/\/www.hotel-lafiguiere.com\/en\/#website"},"datePublished":"2019-03-21T14:19:46+00:00","dateModified":"2025-09-08T14:19:15+00:00","description":"Legales notices and personal data : hosting, design, intellectual property, personal data protection, internet links ...","breadcrumb":{"@id":"https:\/\/www.hotel-lafiguiere.com\/en\/legal-notices\/#breadcrumb"},"inLanguage":"en-US","potentialAction":[{"@type":"ReadAction","target":["https:\/\/www.hotel-lafiguiere.com\/en\/legal-notices\/"]}]},{"@type":"BreadcrumbList","@id":"https:\/\/www.hotel-lafiguiere.com\/en\/legal-notices\/#breadcrumb","itemListElement":[{"@type":"ListItem","position":1,"name":"Accueil","item":"https:\/\/www.hotel-lafiguiere.com\/en\/"},{"@type":"ListItem","position":2,"name":"Legal notices"}]},{"@type":"WebSite","@id":"https:\/\/www.hotel-lafiguiere.com\/en\/#website","url":"https:\/\/www.hotel-lafiguiere.com\/en\/","name":"H\u00f4tel Restaurant La Figui\u00e8re","description":"","potentialAction":[{"@type":"SearchAction","target":{"@type":"EntryPoint","urlTemplate":"https:\/\/www.hotel-lafiguiere.com\/en\/?s={search_term_string}"},"query-input":{"@type":"PropertyValueSpecification","valueRequired":true,"valueName":"search_term_string"}}],"inLanguage":"en-US"}]}},"_links":{"self":[{"href":"https:\/\/www.hotel-lafiguiere.com\/en\/wp-json\/wp\/v2\/pages\/2120","targetHints":{"allow":["GET"]}}],"collection":[{"href":"https:\/\/www.hotel-lafiguiere.com\/en\/wp-json\/wp\/v2\/pages"}],"about":[{"href":"https:\/\/www.hotel-lafiguiere.com\/en\/wp-json\/wp\/v2\/types\/page"}],"author":[{"embeddable":true,"href":"https:\/\/www.hotel-lafiguiere.com\/en\/wp-json\/wp\/v2\/users\/1"}],"replies":[{"embeddable":true,"href":"https:\/\/www.hotel-lafiguiere.com\/en\/wp-json\/wp\/v2\/comments?post=2120"}],"version-history":[{"count":7,"href":"https:\/\/www.hotel-lafiguiere.com\/en\/wp-json\/wp\/v2\/pages\/2120\/revisions"}],"predecessor-version":[{"id":21753,"href":"https:\/\/www.hotel-lafiguiere.com\/en\/wp-json\/wp\/v2\/pages\/2120\/revisions\/21753"}],"wp:attachment":[{"href":"https:\/\/www.hotel-lafiguiere.com\/en\/wp-json\/wp\/v2\/media?parent=2120"}],"curies":[{"name":"wp","href":"https:\/\/api.w.org\/{rel}","templated":true}]}}