{"id":2126,"date":"2020-10-08T14:38:05","date_gmt":"2020-10-08T12:38:05","guid":{"rendered":"https:\/\/www.hotel-lafiguiere.com\/hotel-saint-tropez-la-figuiere\/"},"modified":"2026-04-10T11:51:29","modified_gmt":"2026-04-10T09:51:29","slug":"charming-hotel-in-saint-tropez-la-figuiere","status":"publish","type":"page","link":"https:\/\/www.hotel-lafiguiere.com\/en\/charming-hotel-in-saint-tropez-la-figuiere\/","title":{"rendered":"Charming hotel in Saint-Tropez La Figui\u00e8re"},"content":{"rendered":"<div class=\"wpb-content-wrapper\"><p>[vc_row content_placement=&#8221;top&#8221;][vc_column]<div id=\"ultimate-heading-438769e20abfd37f0\" class=\"uvc-heading ult-adjust-bottom-margin ultimate-heading-438769e20abfd37f0 uvc-7408 \" data-hspacer=\"no_spacer\"  data-halign=\"left\" style=\"text-align:left\"><div class=\"uvc-heading-spacer no_spacer\" style=\"top\"><\/div><div class=\"uvc-main-heading ult-responsive\"  data-ultimate-target='.uvc-heading.ultimate-heading-438769e20abfd37f0 h2'  data-responsive-json-new='{\"font-size\":\"desktop:30px;\",\"line-height\":\"desktop:36px;\"}' ><h2 style=\"font-family:&#039;Ubuntu&#039;;font-style:italic;font-weight:300;color:#6c7a6b;margin-bottom:20px;\">Discover La Figui\u00e8re, a charming hotel in Saint-Tropez<\/h2><\/div><\/div>[\/vc_column][\/vc_row][vc_row content_placement=&#8221;middle&#8221;][vc_column offset=&#8221;vc_col-lg-12 vc_col-md-12 vc_col-xs-12&#8243;][vc_column_text]<\/p>\n<h3 style=\"font-size: 20px; line-height: 26px; text-transform: none;\">La Figui\u00e8re is a little piece of paradise whose address is a well-kept secret&#8230;<\/h3>\n<p style=\"font-size: 16px; line-height: 24px; text-align: justify;\">A sophisticated family home just a few minutes from Pampelonne Beach, on the Cap Tahiti side, where C\u00e9cile Chaix welcomes her guests alongside her sister Delphine Chaix, with good humour and in warm, epicurean spirits.<\/p>\n<p>[\/vc_column_text][\/vc_column][\/vc_row][vc_row gap=&#8221;35&#8243; equal_height=&#8221;yes&#8221; content_placement=&#8221;top&#8221; css=&#8221;.vc_custom_1602230801602{margin-bottom: 30px !important;}&#8221;][vc_column width=&#8221;1\/2&#8243;][vc_column_text css=&#8221;.vc_custom_1603977626831{margin-bottom: 20px !important;}&#8221;]<\/p>\n<h2 style=\"font-size: 28px; line-height: 32px;\">A look back at the history of a unique property<\/h2>\n<p>[\/vc_column_text][vc_column_text]<\/p>\n<p style=\"font-size: 16px; line-height: 26px;\">In the late 1950s, wine merchant Tropez Beraud acquired a small vineyard with a beautiful farm building featuring an arbour. Several rooms were renovated first of all. The rest of the buildings were built over the years, the number of rooms gradually increasing. The swimming pool and the restaurant were then completed, creating an idyllic setting within this <a href=\"https:\/\/www.hotel-lafiguiere.com\/en\/\">charming hotel<\/a>.<\/p>\n<p style=\"font-size: 16px; line-height: 26px;\">The Saint-Tropez hotel La Figui\u00e8re now comprises <a href=\"https:\/\/www.hotel-lafiguiere.com\/en\/our-rooms-and-duplexes\/\">40 rooms inspired by Provence<\/a>, spread between 5 houses with terraces.<\/p>\n<p>[\/vc_column_text][\/vc_column][vc_column width=&#8221;1\/2&#8243; css=&#8221;.vc_custom_1602249902254{padding: 0px !important;background-color: rgba(108,122,107,0.4) !important;*background-color: rgb(108,122,107) !important;border: 15px solid rgba(108,122,107,0.4) !important;}&#8221;][vc_single_image image=&#8221;2454&#8243; img_size=&#8221;full&#8221; alignment=&#8221;center&#8221; image_hovers=&#8221;false&#8221; css=&#8221;.vc_custom_1679671141319{margin-top: 0px !important;margin-right: 0px !important;margin-bottom: 0px !important;margin-left: 0px !important;padding-top: 0px !important;padding-right: 0px !important;padding-bottom: 0px !important;padding-left: 0px !important;}&#8221;][\/vc_column][\/vc_row][vc_row gap=&#8221;35&#8243; equal_height=&#8221;yes&#8221; content_placement=&#8221;top&#8221; bg_type=&#8221;bg_color&#8221; bg_override=&#8221;ex-full&#8221; bg_color_value=&#8221;rgba(108,122,107,0.55)&#8221;][vc_column][vc_column_text css=&#8221;.vc_custom_1655108720762{margin-bottom: 20px !important;}&#8221;]<\/p>\n<p style=\"font-weight: 300; font-style: italic; color: #ffffff; font-size: 22px; line-height: 28px; text-transform: none; text-align: center;\">\u00ab My mother took over the hotel founded by her father in the mid-90s. I too have chosen to follow in my grandfather\u2019s footsteps. It\u2019s a beautiful legacy, a place steeped in history. The very beautiful Rivages guide book \u201cH\u00f4tels et maisons d\u2019h\u00f4tes de charme\u201d [Charming Hotels &amp; Guest Houses] was not wrong: it has been recommending this address for more than 10 years! \u00bb<\/p>\n<p>[\/vc_column_text][vc_column_text]<\/p>\n<p style=\"text-align: center; font-size: 14px; color: #ffffff;\"><strong>C\u00e9cile Chaix<\/strong>, Tropez\u2019s granddaughter, joined the family adventure in 2002<\/p>\n<p>[\/vc_column_text][\/vc_column][\/vc_row][vc_row gap=&#8221;35&#8243; equal_height=&#8221;yes&#8221; content_placement=&#8221;top&#8221;][vc_column][vc_column_text]<\/p>\n<h3 style=\"font-size: 20px; line-height: 26px; text-transform: none;\">Since the outset, celebrities have been seen here who come in search of tranquillity<\/h3>\n<p style=\"font-size: 16px; line-height: 26px;\">Helmut Newton, C\u00e9sar Baldaccini, a close friend of her grandfather, a handful of big names in the fashion world&#8230; and then Roman Polanski, who also mentions it in his book Roman: \u00ab Invited onto the jury of the 1968 Cannes Film Festival, I took Sharon to Saint-Tropez in my red Ferrari that I had had brought over by boat from Los Angeles. We spent a few peaceful days at H\u00f4tel La Figui\u00e8re. \u00bb<\/p>\n<p style=\"font-size: 16px; line-height: 26px;\">Whether famous or not, guests all feel wonderful at the route de Tahiti hotel, the place that some think of as their holiday home \u2013 but an even better version: \u201cThey don&#8217;t have to do anything here, just sit back and be pampered! We try to make their stay as pleasant as possible&#8230; within reason!\u201d Hairdressers, massages, pedicures, car or bicycle rental, the sense of service is part of the spirit of the house.<\/p>\n<p style=\"font-size: 16px; line-height: 26px;\"><em>\u00ab We have preserved the authentic and comfortable style of the house \u2013 Salernes tiles, patina chests of drawers, cotton fabrics \u2013 while introducing some more modern touches, in particular Philippe Starck\u2019s Masters and Ghost chairs. \u00bb<\/em>.<\/p>\n<p>[\/vc_column_text][vc_column_text]<\/p>\n<h3 style=\"font-size: 20px; line-height: 26px; text-transform: none;\">Delicious home-cooked cuisine<\/h3>\n<p style=\"font-size: 16px; line-height: 26px;\">At lunchtime and in the evening, chef Andr\u00e9 Fumat, who has held the position for 21 years, proposes delicious home-cooked meals, knows how the regulars like their food and cooks fish to perfection. The ros\u00e9 served alongside his dishes comes from the Tropez wine estate, run by Gr\u00e9goire Chaix, C\u00e9cile\u2019s brother. All of this is served by the pool and in the park, in the shade afforded by the one-hundred-year-old mulberry trees.<\/p>\n<p>[\/vc_column_text][vc_column_text]<\/p>\n<p style=\"font-weight: 400; font-style: italic; color: #6c7a6b; font-size: 24px; line-height: 30px; text-transform: none;\">It is said that some guests would like time to stand still<br \/>\nso that they can keep on enjoying the calm and serenity under the fig trees&#8230;<\/p>\n<p>[\/vc_column_text][\/vc_column][\/vc_row][vc_row content_placement=&#8221;middle&#8221; bg_type=&#8221;image&#8221; parallax_style=&#8221;vcpb-default&#8221; bg_image_new=&#8221;id^1592|url^https:\/\/www.hotel-lafiguiere.com\/wp-content\/uploads\/2020\/10\/hotel_header_2500x600.jpg|caption^null|alt^H\u00f4tel La Figui\u00e8re|title^H\u00f4tel La Figui\u00e8re|description^null&#8221; bg_image_repeat=&#8221;no-repeat&#8221; bg_override=&#8221;ex-full&#8221; css=&#8221;.vc_custom_1602249246123{margin-bottom: 0px !important;padding-top: 0px !important;padding-right: 0px !important;padding-bottom: 0px !important;padding-left: 0px !important;}&#8221;][vc_column css=&#8221;.vc_custom_1602249495337{margin-top: 0px !important;margin-right: 0px !important;margin-bottom: 0px !important;margin-left: 0px !important;padding-top: 100px !important;padding-right: 0px !important;padding-bottom: 100px !important;padding-left: 0px !important;}&#8221;][vc_single_image image=&#8221;1780&#8243; img_size=&#8221;full&#8221; alignment=&#8221;center&#8221;][\/vc_column][\/vc_row]<\/p>\n<\/div>","protected":false},"excerpt":{"rendered":"<p>[vc_row content_placement=&#8221;top&#8221;][vc_column][\/vc_column][\/vc_row][vc_row content_placement=&#8221;middle&#8221;][vc_column offset=&#8221;vc_col-lg-12 vc_col-md-12 vc_col-xs-12&#8243;][vc_column_text] La Figui\u00e8re is a little piece of paradise whose address is a well-kept secret&#8230; A sophisticated family home just a few minutes from Pampelonne Beach, on the Cap Tahiti side, where C\u00e9cile Chaix welcomes her guests alongside her sister Delphine Chaix, with good humour and in warm, epicurean spirits.&hellip;<\/p>\n","protected":false},"author":1,"featured_media":0,"parent":0,"menu_order":1,"comment_status":"closed","ping_status":"closed","template":"","meta":{"footnotes":""},"class_list":["post-2126","page","type-page","status-publish","hentry","description-off"],"yoast_head":"<!-- This site is optimized with the Yoast SEO plugin v27.3 - https:\/\/yoast.com\/product\/yoast-seo-wordpress\/ -->\n<title>Discover the charming Hotel in Saint Tropez - La Figui\u00e8re<\/title>\n<meta name=\"description\" content=\"Charming Hotel Saint-Tropez : sophisticated family home just a few minutes from Pampelonne Beach, on the Cap Tahiti side.\" \/>\n<meta name=\"robots\" content=\"index, follow, max-snippet:-1, max-image-preview:large, max-video-preview:-1\" \/>\n<link rel=\"canonical\" href=\"https:\/\/www.hotel-lafiguiere.com\/en\/charming-hotel-in-saint-tropez-la-figuiere\/\" \/>\n<meta property=\"og:locale\" content=\"en_US\" \/>\n<meta property=\"og:type\" content=\"article\" \/>\n<meta property=\"og:title\" content=\"Discover the charming Hotel in Saint Tropez - La Figui\u00e8re\" \/>\n<meta property=\"og:description\" content=\"Charming Hotel Saint-Tropez : sophisticated family home just a few minutes from Pampelonne Beach, on the Cap Tahiti side.\" \/>\n<meta property=\"og:url\" content=\"https:\/\/www.hotel-lafiguiere.com\/en\/charming-hotel-in-saint-tropez-la-figuiere\/\" \/>\n<meta property=\"og:site_name\" content=\"H\u00f4tel Restaurant La Figui\u00e8re\" \/>\n<meta property=\"article:modified_time\" content=\"2026-04-10T09:51:29+00:00\" \/>\n<meta name=\"twitter:card\" content=\"summary_large_image\" \/>\n<meta name=\"twitter:label1\" content=\"Est. reading time\" \/>\n\t<meta name=\"twitter:data1\" content=\"4 minutes\" \/>\n<!-- \/ Yoast SEO plugin. -->","yoast_head_json":{"title":"Discover the charming Hotel in Saint Tropez - La Figui\u00e8re","description":"Charming Hotel Saint-Tropez : sophisticated family home just a few minutes from Pampelonne Beach, on the Cap Tahiti side.","robots":{"index":"index","follow":"follow","max-snippet":"max-snippet:-1","max-image-preview":"max-image-preview:large","max-video-preview":"max-video-preview:-1"},"canonical":"https:\/\/www.hotel-lafiguiere.com\/en\/charming-hotel-in-saint-tropez-la-figuiere\/","og_locale":"en_US","og_type":"article","og_title":"Discover the charming Hotel in Saint Tropez - La Figui\u00e8re","og_description":"Charming Hotel Saint-Tropez : sophisticated family home just a few minutes from Pampelonne Beach, on the Cap Tahiti side.","og_url":"https:\/\/www.hotel-lafiguiere.com\/en\/charming-hotel-in-saint-tropez-la-figuiere\/","og_site_name":"H\u00f4tel Restaurant La Figui\u00e8re","article_modified_time":"2026-04-10T09:51:29+00:00","twitter_card":"summary_large_image","twitter_misc":{"Est. reading time":"4 minutes"},"schema":{"@context":"https:\/\/schema.org","@graph":[{"@type":"WebPage","@id":"https:\/\/www.hotel-lafiguiere.com\/en\/charming-hotel-in-saint-tropez-la-figuiere\/","url":"https:\/\/www.hotel-lafiguiere.com\/en\/charming-hotel-in-saint-tropez-la-figuiere\/","name":"Discover the charming Hotel in Saint Tropez - La Figui\u00e8re","isPartOf":{"@id":"https:\/\/www.hotel-lafiguiere.com\/en\/#website"},"datePublished":"2020-10-08T12:38:05+00:00","dateModified":"2026-04-10T09:51:29+00:00","description":"Charming Hotel Saint-Tropez : sophisticated family home just a few minutes from Pampelonne Beach, on the Cap Tahiti side.","breadcrumb":{"@id":"https:\/\/www.hotel-lafiguiere.com\/en\/charming-hotel-in-saint-tropez-la-figuiere\/#breadcrumb"},"inLanguage":"en-US","potentialAction":[{"@type":"ReadAction","target":["https:\/\/www.hotel-lafiguiere.com\/en\/charming-hotel-in-saint-tropez-la-figuiere\/"]}]},{"@type":"BreadcrumbList","@id":"https:\/\/www.hotel-lafiguiere.com\/en\/charming-hotel-in-saint-tropez-la-figuiere\/#breadcrumb","itemListElement":[{"@type":"ListItem","position":1,"name":"Accueil","item":"https:\/\/www.hotel-lafiguiere.com\/en\/"},{"@type":"ListItem","position":2,"name":"Charming hotel in Saint-Tropez La Figui\u00e8re"}]},{"@type":"WebSite","@id":"https:\/\/www.hotel-lafiguiere.com\/en\/#website","url":"https:\/\/www.hotel-lafiguiere.com\/en\/","name":"H\u00f4tel Restaurant La Figui\u00e8re","description":"","potentialAction":[{"@type":"SearchAction","target":{"@type":"EntryPoint","urlTemplate":"https:\/\/www.hotel-lafiguiere.com\/en\/?s={search_term_string}"},"query-input":{"@type":"PropertyValueSpecification","valueRequired":true,"valueName":"search_term_string"}}],"inLanguage":"en-US"}]}},"_links":{"self":[{"href":"https:\/\/www.hotel-lafiguiere.com\/en\/wp-json\/wp\/v2\/pages\/2126","targetHints":{"allow":["GET"]}}],"collection":[{"href":"https:\/\/www.hotel-lafiguiere.com\/en\/wp-json\/wp\/v2\/pages"}],"about":[{"href":"https:\/\/www.hotel-lafiguiere.com\/en\/wp-json\/wp\/v2\/types\/page"}],"author":[{"embeddable":true,"href":"https:\/\/www.hotel-lafiguiere.com\/en\/wp-json\/wp\/v2\/users\/1"}],"replies":[{"embeddable":true,"href":"https:\/\/www.hotel-lafiguiere.com\/en\/wp-json\/wp\/v2\/comments?post=2126"}],"version-history":[{"count":12,"href":"https:\/\/www.hotel-lafiguiere.com\/en\/wp-json\/wp\/v2\/pages\/2126\/revisions"}],"predecessor-version":[{"id":5766,"href":"https:\/\/www.hotel-lafiguiere.com\/en\/wp-json\/wp\/v2\/pages\/2126\/revisions\/5766"}],"wp:attachment":[{"href":"https:\/\/www.hotel-lafiguiere.com\/en\/wp-json\/wp\/v2\/media?parent=2126"}],"curies":[{"name":"wp","href":"https:\/\/api.w.org\/{rel}","templated":true}]}}